{"id":18,"date":"2021-03-15T09:06:18","date_gmt":"2021-03-15T08:06:18","guid":{"rendered":"http:\/\/www.arinsight.fr\/Site\/?page_id=18"},"modified":"2021-05-27T23:14:47","modified_gmt":"2021-05-27T21:14:47","slug":"nos-solutions-time-lapse","status":"publish","type":"page","link":"http:\/\/www.arinsight.fr\/Site\/nos-solutions-time-lapse\/","title":{"rendered":"Nos solutions Time-lapse"},"content":{"rendered":"<p>[et_pb_section fb_built=\u00a0\u00bb1&Prime; custom_padding_last_edited=\u00a0\u00bbon|desktop\u00a0\u00bb admin_label=\u00a0\u00bbHeader\u00a0\u00bb _builder_version=\u00a0\u00bb4.9.2&Prime; use_background_color_gradient=\u00a0\u00bbon\u00a0\u00bb background_color_gradient_start=\u00a0\u00bbrgba(164,248,226,0.42)\u00a0\u00bb background_color_gradient_end=\u00a0\u00bbrgba(249,249,249,0)\u00a0\u00bb background_color_gradient_direction=\u00a0\u00bb28deg\u00a0\u00bb background_color_gradient_start_position=\u00a0\u00bb24%\u00a0\u00bb background_color_gradient_overlays_image=\u00a0\u00bbon\u00a0\u00bb background_image=\u00a0\u00bbhttp:\/\/www.arinsight.fr\/Site\/wp-content\/uploads\/2021\/04\/solutions-time-lapse.jpg\u00a0\u00bb custom_padding=\u00a0\u00bb5vw||13vw||false|\u00a0\u00bb custom_padding_tablet=\u00a0\u00bb0vw||20vw\u00a0\u00bb custom_padding_phone=\u00a0\u00bb\u00a0\u00bb][et_pb_row _builder_version=\u00a0\u00bb3.25.3&Prime; max_width=\u00a0\u00bbnone\u00a0\u00bb custom_padding=\u00a0\u00bb0px||0px||true|\u00a0\u00bb][et_pb_column type=\u00a0\u00bb4_4&Prime; _builder_version=\u00a0\u00bb3.25.3&Prime;][et_pb_text _builder_version=\u00a0\u00bb4.9.2&Prime; header_font=\u00a0\u00bbAG-Light|100|||||||\u00a0\u00bb header_text_color=\u00a0\u00bb#A4F8E2&Prime; header_font_size=\u00a0\u00bb140px\u00a0\u00bb header_line_height=\u00a0\u00bb0.8em\u00a0\u00bb text_orientation=\u00a0\u00bbcenter\u00a0\u00bb background_layout=\u00a0\u00bbdark\u00a0\u00bb custom_margin=\u00a0\u00bb3vw||||false|false\u00a0\u00bb custom_margin_tablet=\u00a0\u00bb5vw||||false|false\u00a0\u00bb custom_margin_phone=\u00a0\u00bb8vw||||false|false\u00a0\u00bb custom_margin_last_edited=\u00a0\u00bbon|desktop\u00a0\u00bb header_font_size_tablet=\u00a0\u00bb86px\u00a0\u00bb header_font_size_phone=\u00a0\u00bb43px\u00a0\u00bb header_font_size_last_edited=\u00a0\u00bbon|phone\u00a0\u00bb header_text_shadow_style=\u00a0\u00bbpreset3&Prime; header_text_shadow_vertical_length=\u00a0\u00bb-0.03em\u00a0\u00bb header_text_shadow_blur_strength=\u00a0\u00bb0.15em\u00a0\u00bb text_text_align=\u00a0\u00bbcenter\u00a0\u00bb]<\/p>\n<h1>Time-lapse<\/h1>\n<p>[\/et_pb_text][\/et_pb_column][\/et_pb_row][et_pb_row _builder_version=\u00a0\u00bb4.9.2&Prime; max_width=\u00a0\u00bbnone\u00a0\u00bb module_alignment=\u00a0\u00bbcenter\u00a0\u00bb custom_margin=\u00a0\u00bb3vw||||false|false\u00a0\u00bb custom_margin_tablet=\u00a0\u00bb3vw||||false|false\u00a0\u00bb custom_margin_phone=\u00a0\u00bb\u00a0\u00bb custom_margin_last_edited=\u00a0\u00bbon|desktop\u00a0\u00bb custom_padding=\u00a0\u00bb0px||0px||true\u00a0\u00bb mix_blend_mode=\u00a0\u00bboverlay\u00a0\u00bb module_alignment_tablet=\u00a0\u00bbcenter\u00a0\u00bb module_alignment_phone=\u00a0\u00bbcenter\u00a0\u00bb module_alignment_last_edited=\u00a0\u00bbon|phone\u00a0\u00bb][et_pb_column type=\u00a0\u00bb4_4&Prime; _builder_version=\u00a0\u00bb3.25.3&Prime;][et_pb_text _builder_version=\u00a0\u00bb4.9.2&Prime; _module_preset=\u00a0\u00bbdefault\u00a0\u00bb header_font=\u00a0\u00bbRoboto|||on|||||\u00a0\u00bb header_letter_spacing=\u00a0\u00bb0.6em\u00a0\u00bb header_2_font=\u00a0\u00bbRoboto|900||on|||||\u00a0\u00bb header_2_text_color=\u00a0\u00bb#F9F9F9&Prime; header_2_font_size=\u00a0\u00bb70px\u00a0\u00bb header_2_letter_spacing=\u00a0\u00bb0.6em\u00a0\u00bb custom_padding=\u00a0\u00bb|||45px|false|false\u00a0\u00bb custom_padding_tablet=\u00a0\u00bb\u00a0\u00bb custom_padding_phone=\u00a0\u00bb|||20px|false|false\u00a0\u00bb custom_padding_last_edited=\u00a0\u00bbon|phone\u00a0\u00bb animation_style=\u00a0\u00bbfade\u00a0\u00bb header_2_font_size_tablet=\u00a0\u00bb35px\u00a0\u00bb header_2_font_size_phone=\u00a0\u00bb18px\u00a0\u00bb header_2_font_size_last_edited=\u00a0\u00bbon|desktop\u00a0\u00bb]<\/p>\n<h2 style=\"text-align: center;\">sc\u00e8nes<br \/>d&rsquo;\u00e9volution<br \/>photographi\u00e9es<\/h2>\n<p>[\/et_pb_text][\/et_pb_column][\/et_pb_row][\/et_pb_section][et_pb_section fb_built=\u00a0\u00bb1&Prime; admin_label=\u00a0\u00bbMusic\u00a0\u00bb _builder_version=\u00a0\u00bb3.25.3&Prime;][et_pb_row use_custom_gutter=\u00a0\u00bbon\u00a0\u00bb gutter_width=\u00a0\u00bb1&Prime; _builder_version=\u00a0\u00bb4.9.2&Prime; max_width=\u00a0\u00bb900px\u00a0\u00bb custom_margin=\u00a0\u00bb-12vw|auto||auto|false|false\u00a0\u00bb custom_margin_tablet=\u00a0\u00bb\u00a0\u00bb custom_margin_phone=\u00a0\u00bb-20vw||||false|false\u00a0\u00bb custom_margin_last_edited=\u00a0\u00bbon|phone\u00a0\u00bb custom_padding=\u00a0\u00bb0px|||||\u00a0\u00bb locked=\u00a0\u00bboff\u00a0\u00bb][et_pb_column type=\u00a0\u00bb4_4&Prime; _builder_version=\u00a0\u00bb4.9.2&Prime; background_color=\u00a0\u00bb#ffffff\u00a0\u00bb custom_padding=\u00a0\u00bb||80px\u00a0\u00bb animation_style=\u00a0\u00bbslide\u00a0\u00bb animation_direction=\u00a0\u00bbleft\u00a0\u00bb box_shadow_style=\u00a0\u00bbpreset3&Prime; box_shadow_blur=\u00a0\u00bb48px\u00a0\u00bb box_shadow_spread=\u00a0\u00bb-24px\u00a0\u00bb box_shadow_color=\u00a0\u00bb#008E80&Prime;][et_pb_text _builder_version=\u00a0\u00bb4.9.2&Prime; text_font=\u00a0\u00bb||||||||\u00a0\u00bb header_font=\u00a0\u00bb||||||||\u00a0\u00bb header_2_font=\u00a0\u00bb|800||on|||||\u00a0\u00bb header_2_letter_spacing=\u00a0\u00bb4px\u00a0\u00bb header_2_line_height=\u00a0\u00bb1.4em\u00a0\u00bb use_background_color_gradient=\u00a0\u00bbon\u00a0\u00bb background_color_gradient_start=\u00a0\u00bb#008e80&Prime; background_color_gradient_end=\u00a0\u00bb#a4f8e2&Prime; background_color_gradient_direction=\u00a0\u00bb145deg\u00a0\u00bb text_orientation=\u00a0\u00bbcenter\u00a0\u00bb background_layout=\u00a0\u00bbdark\u00a0\u00bb custom_padding=\u00a0\u00bb48px|20px|36px|20px|false|true\u00a0\u00bb custom_padding_tablet=\u00a0\u00bb\u00a0\u00bb custom_padding_phone=\u00a0\u00bb24px||24px||true\u00a0\u00bb custom_padding_last_edited=\u00a0\u00bbon|desktop\u00a0\u00bb header_2_font_size_tablet=\u00a0\u00bb24px\u00a0\u00bb header_2_font_size_phone=\u00a0\u00bb22px\u00a0\u00bb header_2_font_size_last_edited=\u00a0\u00bbon|phone\u00a0\u00bb locked=\u00a0\u00bboff\u00a0\u00bb]<\/p>\n<h2>Qu&rsquo;est-ce que le Time-lapse ?<\/h2>\n<p>[\/et_pb_text][et_pb_text _builder_version=\u00a0\u00bb4.9.2&Prime; _module_preset=\u00a0\u00bbdefault\u00a0\u00bb text_font_size=\u00a0\u00bb18px\u00a0\u00bb text_orientation=\u00a0\u00bbjustified\u00a0\u00bb custom_padding=\u00a0\u00bb30px|60px|30px|60px|false|false\u00a0\u00bb custom_padding_tablet=\u00a0\u00bb\u00a0\u00bb custom_padding_phone=\u00a0\u00bb15px|30px|15px|30px|false|false\u00a0\u00bb custom_padding_last_edited=\u00a0\u00bbon|phone\u00a0\u00bb text_font_size_tablet=\u00a0\u00bb\u00a0\u00bb text_font_size_phone=\u00a0\u00bb16px\u00a0\u00bb text_font_size_last_edited=\u00a0\u00bbon|desktop\u00a0\u00bb]<\/p>\n<p>Un time-lapse est une animation vid\u00e9o r\u00e9alis\u00e9e gr\u00e2ce \u00e0 une s\u00e9rie de photographies prises \u00e0 des moments diff\u00e9rents pour pr\u00e9senter en un laps de temps court l&rsquo;\u00e9volution d&rsquo;une sc\u00e8ne photographi\u00e9e sur une longue p\u00e9riode.<\/p>\n<p>On peut employer un time-lapse pour montrer la croissance d&rsquo;une plante, le mouvement du soleil ou des \u00e9toiles dans le ciel, voire la construction d&rsquo;un b\u00e2timent&#8230;<\/p>\n<p>Le rendu final donne alors l&rsquo;impression d&rsquo;une vid\u00e9o acc\u00e9l\u00e9r\u00e9e.<\/p>\n<p>[\/et_pb_text][\/et_pb_column][\/et_pb_row][\/et_pb_section][et_pb_section fb_built=\u00a0\u00bb1&Prime; admin_label=\u00a0\u00bbVideo\u00a0\u00bb _builder_version=\u00a0\u00bb4.9.2&Prime; background_color=\u00a0\u00bb#A4F8E2&Prime; use_background_color_gradient=\u00a0\u00bbon\u00a0\u00bb background_color_gradient_start=\u00a0\u00bbrgba(164,248,226,0.26)\u00a0\u00bb background_color_gradient_end=\u00a0\u00bb#008e80&Prime; background_color_gradient_direction=\u00a0\u00bb142deg\u00a0\u00bb background_color_gradient_overlays_image=\u00a0\u00bbon\u00a0\u00bb background_enable_image=\u00a0\u00bboff\u00a0\u00bb overflow-x=\u00a0\u00bbhidden\u00a0\u00bb overflow-y=\u00a0\u00bbhidden\u00a0\u00bb custom_padding=\u00a0\u00bb0px||8vw||false|\u00a0\u00bb bottom_divider_style=\u00a0\u00bbnone\u00a0\u00bb bottom_divider_color=\u00a0\u00bbrgba(45,45,52,0.39)\u00a0\u00bb bottom_divider_height=\u00a0\u00bb39vw\u00a0\u00bb bottom_divider_repeat=\u00a0\u00bb0.5x\u00a0\u00bb bottom_divider_flip=\u00a0\u00bbhorizontal\u00a0\u00bb][et_pb_row module_class=\u00a0\u00bb et_pb_row_fullwidth\u00a0\u00bb _builder_version=\u00a0\u00bb4.9.2&Prime; width_tablet=\u00a0\u00bb80%\u00a0\u00bb width_last_edited=\u00a0\u00bboff|desktop\u00a0\u00bb max_width=\u00a0\u00bb660px\u00a0\u00bb max_width_tablet=\u00a0\u00bb80%\u00a0\u00bb max_width_last_edited=\u00a0\u00bboff|desktop\u00a0\u00bb mix_blend_mode=\u00a0\u00bboverlay\u00a0\u00bb make_fullwidth=\u00a0\u00bbon\u00a0\u00bb locked=\u00a0\u00bboff\u00a0\u00bb][et_pb_column type=\u00a0\u00bb4_4&Prime; _builder_version=\u00a0\u00bb3.25&Prime; custom_padding=\u00a0\u00bb|||\u00a0\u00bb custom_padding__hover=\u00a0\u00bb|||\u00a0\u00bb][et_pb_text _builder_version=\u00a0\u00bb4.9.2&Prime; text_font=\u00a0\u00bbFjalla One|||on|||||\u00a0\u00bb text_text_color=\u00a0\u00bbrgba(255,255,255,0.48)\u00a0\u00bb text_font_size=\u00a0\u00bb10vw\u00a0\u00bb text_line_height=\u00a0\u00bb1em\u00a0\u00bb header_font=\u00a0\u00bb||||||||\u00a0\u00bb background_layout=\u00a0\u00bbdark\u00a0\u00bb custom_margin=\u00a0\u00bb-5vw||-7vw|-30vw\u00a0\u00bb custom_margin_phone=\u00a0\u00bb||0em\u00a0\u00bb custom_margin_last_edited=\u00a0\u00bboff|desktop\u00a0\u00bb animation_style=\u00a0\u00bbfade\u00a0\u00bb animation_direction=\u00a0\u00bbleft\u00a0\u00bb animation_duration=\u00a0\u00bb2000ms\u00a0\u00bb text_font_size_tablet=\u00a0\u00bb15vw\u00a0\u00bb text_font_size_phone=\u00a0\u00bb\u00a0\u00bb text_font_size_last_edited=\u00a0\u00bbon|desktop\u00a0\u00bb]<\/p>\n<p>time-lapse<\/p>\n<p>[\/et_pb_text][\/et_pb_column][\/et_pb_row][et_pb_row _builder_version=\u00a0\u00bb4.9.2&Prime; max_width=\u00a0\u00bb800px\u00a0\u00bb][et_pb_column type=\u00a0\u00bb4_4&Prime; _builder_version=\u00a0\u00bb3.25.3&Prime;][et_pb_text _builder_version=\u00a0\u00bb4.9.2&Prime; text_font=\u00a0\u00bb|600|||||||\u00a0\u00bb text_font_size=\u00a0\u00bb16px\u00a0\u00bb text_line_height=\u00a0\u00bb1.8em\u00a0\u00bb header_font=\u00a0\u00bb||||||||\u00a0\u00bb header_2_font=\u00a0\u00bb|800||on|||||\u00a0\u00bb header_2_font_size=\u00a0\u00bb40px\u00a0\u00bb header_2_line_height=\u00a0\u00bb1.2em\u00a0\u00bb text_orientation=\u00a0\u00bbcenter\u00a0\u00bb background_layout=\u00a0\u00bbdark\u00a0\u00bb width_tablet=\u00a0\u00bb600px\u00a0\u00bb width_phone=\u00a0\u00bb400px\u00a0\u00bb width_last_edited=\u00a0\u00bboff|phone\u00a0\u00bb module_alignment=\u00a0\u00bbcenter\u00a0\u00bb header_2_font_size_tablet=\u00a0\u00bb40px\u00a0\u00bb header_2_font_size_phone=\u00a0\u00bb35px\u00a0\u00bb header_2_font_size_last_edited=\u00a0\u00bbon|phone\u00a0\u00bb]<\/p>\n<h2>r\u00e9alisation d&rsquo;une vid\u00e9o time-lapse<\/h2>\n<p>&nbsp;<\/p>\n<p>[\/et_pb_text][et_pb_video src=\u00a0\u00bbhttp:\/\/arinsight.fr\/videos\/Timelapse\/\u00a0\u00bb src_webm=\u00a0\u00bbhttp:\/\/arinsight.fr\/videos\/Timelapse\/myvideo.webm\u00a0\u00bb image_src=\u00a0\u00bbhttp:\/\/www.arinsight.fr\/Site\/wp-content\/uploads\/2021\/05\/myvideo.jpg\u00a0\u00bb _builder_version=\u00a0\u00bb4.9.2&Prime; _module_preset=\u00a0\u00bbdefault\u00a0\u00bb hover_enabled=\u00a0\u00bb0&Prime; title_text=\u00a0\u00bbmyvideo\u00a0\u00bb sticky_enabled=\u00a0\u00bb0&Prime;][\/et_pb_video][\/et_pb_column][\/et_pb_row][\/et_pb_section][et_pb_section fb_built=\u00a0\u00bb1&Prime; _builder_version=\u00a0\u00bb4.9.2&Prime; _module_preset=\u00a0\u00bbdefault\u00a0\u00bb background_color=\u00a0\u00bb#F9F9F9&Prime;][et_pb_row _builder_version=\u00a0\u00bb4.9.2&Prime; _module_preset=\u00a0\u00bbdefault\u00a0\u00bb max_width=\u00a0\u00bb1200px\u00a0\u00bb][et_pb_column type=\u00a0\u00bb4_4&Prime; _builder_version=\u00a0\u00bb4.9.2&Prime; _module_preset=\u00a0\u00bbdefault\u00a0\u00bb][et_pb_text _builder_version=\u00a0\u00bb4.9.2&Prime; _module_preset=\u00a0\u00bbdefault\u00a0\u00bb header_font=\u00a0\u00bb||||||||\u00a0\u00bb header_letter_spacing=\u00a0\u00bb2px\u00a0\u00bb header_2_font=\u00a0\u00bb|900||on|||||\u00a0\u00bb header_2_text_color=\u00a0\u00bb#008E80&Prime; header_2_letter_spacing=\u00a0\u00bb2px\u00a0\u00bb header_2_line_height=\u00a0\u00bb1.4em\u00a0\u00bb header_2_font_size_tablet=\u00a0\u00bb24px\u00a0\u00bb header_2_font_size_phone=\u00a0\u00bb22px\u00a0\u00bb header_2_font_size_last_edited=\u00a0\u00bbon|tablet\u00a0\u00bb]<\/p>\n<h2 style=\"text-align: center;\">nos solutions Time-lapse en toute s\u00e9r\u00e9nit\u00e9<\/h2>\n<p>[\/et_pb_text][\/et_pb_column][\/et_pb_row][et_pb_row column_structure=\u00a0\u00bb1_2,1_2&Prime; use_custom_gutter=\u00a0\u00bbon\u00a0\u00bb gutter_width=\u00a0\u00bb2&Prime; make_equal=\u00a0\u00bbon\u00a0\u00bb _builder_version=\u00a0\u00bb4.9.2&Prime; _module_preset=\u00a0\u00bbdefault\u00a0\u00bb max_width=\u00a0\u00bb850px\u00a0\u00bb][et_pb_column type=\u00a0\u00bb1_2&Prime; _builder_version=\u00a0\u00bb4.9.2&Prime; _module_preset=\u00a0\u00bbdefault\u00a0\u00bb background_color=\u00a0\u00bb#F9F9F9&Prime; animation_style=\u00a0\u00bbslide\u00a0\u00bb animation_direction=\u00a0\u00bbbottom\u00a0\u00bb animation_intensity_slide=\u00a0\u00bb25%\u00a0\u00bb border_radii=\u00a0\u00bbon|5px|5px|5px|5px\u00a0\u00bb box_shadow_style=\u00a0\u00bbpreset1&Prime; box_shadow_color=\u00a0\u00bb#A4F8E2&Prime;][et_pb_blurb title=\u00a0\u00bbMaintenance\u00a0\u00bb image=\u00a0\u00bbhttp:\/\/www.arinsight.fr\/Site\/wp-content\/uploads\/2021\/05\/maintenance-time-lapse.svg\u00a0\u00bb image_max_width=\u00a0\u00bb25%\u00a0\u00bb image_max_width_tablet=\u00a0\u00bb15%\u00a0\u00bb image_max_width_phone=\u00a0\u00bb25%\u00a0\u00bb image_max_width_last_edited=\u00a0\u00bbon|desktop\u00a0\u00bb _builder_version=\u00a0\u00bb4.9.2&Prime; _module_preset=\u00a0\u00bbdefault\u00a0\u00bb header_level=\u00a0\u00bbh3&Prime; header_font=\u00a0\u00bb|800|||||||\u00a0\u00bb header_text_align=\u00a0\u00bbcenter\u00a0\u00bb header_text_color=\u00a0\u00bb#008E80&Prime; body_text_align=\u00a0\u00bbjustify\u00a0\u00bb body_font_size=\u00a0\u00bb17px\u00a0\u00bb background_color=\u00a0\u00bbRGBA(0,0,0,0)\u00a0\u00bb custom_padding=\u00a0\u00bb30px|30px|30px|30px|false|false\u00a0\u00bb custom_padding_tablet=\u00a0\u00bb\u00a0\u00bb custom_padding_phone=\u00a0\u00bb\u00a0\u00bb custom_padding_last_edited=\u00a0\u00bbon|phone\u00a0\u00bb]<\/p>\n<p>En cas de dysfonctionnement, nous recevons des alertes en temps r\u00e9el et nous assurons rapidement le d\u00e9pannage en moins de 48h.<\/p>\n<p>Le d\u00e9lai pouvant \u00eatre r\u00e9duit en p\u00e9riode critique ou lors d&rsquo;une phase importante.<\/p>\n<p>[\/et_pb_blurb][\/et_pb_column][et_pb_column type=\u00a0\u00bb1_2&Prime; _builder_version=\u00a0\u00bb4.9.2&Prime; _module_preset=\u00a0\u00bbdefault\u00a0\u00bb background_color=\u00a0\u00bb#F9F9F9&Prime; animation_style=\u00a0\u00bbslide\u00a0\u00bb animation_direction=\u00a0\u00bbbottom\u00a0\u00bb border_radii=\u00a0\u00bbon|5px|5px|5px|5px\u00a0\u00bb box_shadow_style=\u00a0\u00bbpreset1&Prime; box_shadow_color=\u00a0\u00bb#A4F8E2&Prime;][et_pb_blurb title=\u00a0\u00bbRessources\u00a0\u00bb image=\u00a0\u00bbhttp:\/\/www.arinsight.fr\/Site\/wp-content\/uploads\/2021\/05\/ressources-energie-time-lapse.svg\u00a0\u00bb image_max_width=\u00a0\u00bb25%\u00a0\u00bb image_max_width_tablet=\u00a0\u00bb15%\u00a0\u00bb image_max_width_phone=\u00a0\u00bb25%\u00a0\u00bb image_max_width_last_edited=\u00a0\u00bbon|desktop\u00a0\u00bb _builder_version=\u00a0\u00bb4.9.2&Prime; _module_preset=\u00a0\u00bbdefault\u00a0\u00bb header_level=\u00a0\u00bbh3&Prime; header_font=\u00a0\u00bb|800|||||||\u00a0\u00bb header_text_align=\u00a0\u00bbcenter\u00a0\u00bb header_text_color=\u00a0\u00bb#008E80&Prime; body_text_align=\u00a0\u00bbjustify\u00a0\u00bb body_font_size=\u00a0\u00bb17px\u00a0\u00bb background_color=\u00a0\u00bb#F9F9F9&Prime; custom_padding=\u00a0\u00bb30px|30px|30px|30px|false|false\u00a0\u00bb]<\/p>\n<p>Notre solution Time-lapse peut \u00eatre parfaitement autonome gr\u00e2ce \u00e0 un panneau photovolta\u00efque reli\u00e9 \u00e0 une batterie.<\/p>\n<p>[\/et_pb_blurb][\/et_pb_column][\/et_pb_row][\/et_pb_section]<\/p>\n","protected":false},"excerpt":{"rendered":"<p>[et_pb_section fb_built=\u00a0\u00bb1&Prime; custom_padding_last_edited=\u00a0\u00bbon|desktop\u00a0\u00bb admin_label=\u00a0\u00bbHeader\u00a0\u00bb _builder_version=\u00a0\u00bb4.9.2&Prime; use_background_color_gradient=\u00a0\u00bbon\u00a0\u00bb background_color_gradient_start=\u00a0\u00bbrgba(164,248,226,0.42)\u00a0\u00bb background_color_gradient_end=\u00a0\u00bbrgba(249,249,249,0)\u00a0\u00bb background_color_gradient_direction=\u00a0\u00bb28deg\u00a0\u00bb background_color_gradient_start_position=\u00a0\u00bb24%\u00a0\u00bb background_color_gradient_overlays_image=\u00a0\u00bbon\u00a0\u00bb background_image=\u00a0\u00bbhttp:\/\/www.arinsight.fr\/Site\/wp-content\/uploads\/2021\/04\/solutions-time-lapse.jpg\u00a0\u00bb custom_padding=\u00a0\u00bb5vw||13vw||false|\u00a0\u00bb custom_padding_tablet=\u00a0\u00bb0vw||20vw\u00a0\u00bb custom_padding_phone=\u00a0\u00bb\u00a0\u00bb][et_pb_row _builder_version=\u00a0\u00bb3.25.3&Prime; max_width=\u00a0\u00bbnone\u00a0\u00bb custom_padding=\u00a0\u00bb0px||0px||true|\u00a0\u00bb][et_pb_column type=\u00a0\u00bb4_4&Prime; _builder_version=\u00a0\u00bb3.25.3&Prime;][et_pb_text _builder_version=\u00a0\u00bb4.9.2&Prime; header_font=\u00a0\u00bbAG-Light|100|||||||\u00a0\u00bb header_text_color=\u00a0\u00bb#A4F8E2&Prime; header_font_size=\u00a0\u00bb140px\u00a0\u00bb header_line_height=\u00a0\u00bb0.8em\u00a0\u00bb text_orientation=\u00a0\u00bbcenter\u00a0\u00bb background_layout=\u00a0\u00bbdark\u00a0\u00bb custom_margin=\u00a0\u00bb3vw||||false|false\u00a0\u00bb custom_margin_tablet=\u00a0\u00bb5vw||||false|false\u00a0\u00bb custom_margin_phone=\u00a0\u00bb8vw||||false|false\u00a0\u00bb custom_margin_last_edited=\u00a0\u00bbon|desktop\u00a0\u00bb header_font_size_tablet=\u00a0\u00bb86px\u00a0\u00bb header_font_size_phone=\u00a0\u00bb43px\u00a0\u00bb header_font_size_last_edited=\u00a0\u00bbon|phone\u00a0\u00bb header_text_shadow_style=\u00a0\u00bbpreset3&Prime; header_text_shadow_vertical_length=\u00a0\u00bb-0.03em\u00a0\u00bb header_text_shadow_blur_strength=\u00a0\u00bb0.15em\u00a0\u00bb text_text_align=\u00a0\u00bbcenter\u00a0\u00bb] Time-lapse [\/et_pb_text][\/et_pb_column][\/et_pb_row][et_pb_row _builder_version=\u00a0\u00bb4.9.2&Prime; max_width=\u00a0\u00bbnone\u00a0\u00bb module_alignment=\u00a0\u00bbcenter\u00a0\u00bb custom_margin=\u00a0\u00bb3vw||||false|false\u00a0\u00bb custom_margin_tablet=\u00a0\u00bb3vw||||false|false\u00a0\u00bb custom_margin_phone=\u00a0\u00bb\u00a0\u00bb custom_margin_last_edited=\u00a0\u00bbon|desktop\u00a0\u00bb custom_padding=\u00a0\u00bb0px||0px||true\u00a0\u00bb mix_blend_mode=\u00a0\u00bboverlay\u00a0\u00bb module_alignment_tablet=\u00a0\u00bbcenter\u00a0\u00bb module_alignment_phone=\u00a0\u00bbcenter\u00a0\u00bb module_alignment_last_edited=\u00a0\u00bbon|phone\u00a0\u00bb][et_pb_column type=\u00a0\u00bb4_4&Prime; _builder_version=\u00a0\u00bb3.25.3&Prime;][et_pb_text _builder_version=\u00a0\u00bb4.9.2&Prime; [&hellip;]<\/p>\n","protected":false},"author":1,"featured_media":0,"parent":0,"menu_order":0,"comment_status":"closed","ping_status":"closed","template":"","meta":{"_et_pb_use_builder":"on","_et_pb_old_content":"","_et_gb_content_width":"","footnotes":""},"class_list":["post-18","page","type-page","status-publish","hentry"],"yoast_head":"<!-- This site is optimized with the Yoast SEO plugin v16.3 - https:\/\/yoast.com\/wordpress\/plugins\/seo\/ -->\n<title>Nos solutions Time-lapse - Arinsight<\/title>\n<meta name=\"robots\" content=\"index, follow, max-snippet:-1, max-image-preview:large, max-video-preview:-1\" \/>\n<link rel=\"canonical\" href=\"https:\/\/www.arinsight.fr\/Site\/nos-solutions-time-lapse\/\" \/>\n<meta property=\"og:locale\" content=\"fr_FR\" \/>\n<meta property=\"og:type\" content=\"article\" \/>\n<meta property=\"og:title\" content=\"Nos solutions Time-lapse - Arinsight\" \/>\n<meta property=\"og:description\" content=\"[et_pb_section fb_built=\u00a0\u00bb1&Prime; custom_padding_last_edited=\u00a0\u00bbon|desktop\u00a0\u00bb admin_label=\u00a0\u00bbHeader\u00a0\u00bb _builder_version=\u00a0\u00bb4.9.2&Prime; use_background_color_gradient=\u00a0\u00bbon\u00a0\u00bb background_color_gradient_start=\u00a0\u00bbrgba(164,248,226,0.42)\u00a0\u00bb background_color_gradient_end=\u00a0\u00bbrgba(249,249,249,0)\u00a0\u00bb background_color_gradient_direction=\u00a0\u00bb28deg\u00a0\u00bb background_color_gradient_start_position=\u00a0\u00bb24%\u00a0\u00bb background_color_gradient_overlays_image=\u00a0\u00bbon\u00a0\u00bb background_image=\u00a0\u00bbhttp:\/\/www.arinsight.fr\/Site\/wp-content\/uploads\/2021\/04\/solutions-time-lapse.jpg\u00a0\u00bb custom_padding=\u00a0\u00bb5vw||13vw||false|\u00a0\u00bb custom_padding_tablet=\u00a0\u00bb0vw||20vw\u00a0\u00bb custom_padding_phone=\u00a0\u00bb\u00a0\u00bb][et_pb_row _builder_version=\u00a0\u00bb3.25.3&Prime; max_width=\u00a0\u00bbnone\u00a0\u00bb custom_padding=\u00a0\u00bb0px||0px||true|\u00a0\u00bb][et_pb_column type=\u00a0\u00bb4_4&Prime; _builder_version=\u00a0\u00bb3.25.3&Prime;][et_pb_text _builder_version=\u00a0\u00bb4.9.2&Prime; header_font=\u00a0\u00bbAG-Light|100|||||||\u00a0\u00bb header_text_color=\u00a0\u00bb#A4F8E2&Prime; header_font_size=\u00a0\u00bb140px\u00a0\u00bb header_line_height=\u00a0\u00bb0.8em\u00a0\u00bb text_orientation=\u00a0\u00bbcenter\u00a0\u00bb background_layout=\u00a0\u00bbdark\u00a0\u00bb custom_margin=\u00a0\u00bb3vw||||false|false\u00a0\u00bb custom_margin_tablet=\u00a0\u00bb5vw||||false|false\u00a0\u00bb custom_margin_phone=\u00a0\u00bb8vw||||false|false\u00a0\u00bb custom_margin_last_edited=\u00a0\u00bbon|desktop\u00a0\u00bb header_font_size_tablet=\u00a0\u00bb86px\u00a0\u00bb header_font_size_phone=\u00a0\u00bb43px\u00a0\u00bb header_font_size_last_edited=\u00a0\u00bbon|phone\u00a0\u00bb header_text_shadow_style=\u00a0\u00bbpreset3&Prime; header_text_shadow_vertical_length=\u00a0\u00bb-0.03em\u00a0\u00bb header_text_shadow_blur_strength=\u00a0\u00bb0.15em\u00a0\u00bb text_text_align=\u00a0\u00bbcenter\u00a0\u00bb] Time-lapse [\/et_pb_text][\/et_pb_column][\/et_pb_row][et_pb_row _builder_version=\u00a0\u00bb4.9.2&Prime; max_width=\u00a0\u00bbnone\u00a0\u00bb module_alignment=\u00a0\u00bbcenter\u00a0\u00bb custom_margin=\u00a0\u00bb3vw||||false|false\u00a0\u00bb custom_margin_tablet=\u00a0\u00bb3vw||||false|false\u00a0\u00bb custom_margin_phone=\u00a0\u00bb\u00a0\u00bb custom_margin_last_edited=\u00a0\u00bbon|desktop\u00a0\u00bb custom_padding=\u00a0\u00bb0px||0px||true\u00a0\u00bb mix_blend_mode=\u00a0\u00bboverlay\u00a0\u00bb module_alignment_tablet=\u00a0\u00bbcenter\u00a0\u00bb module_alignment_phone=\u00a0\u00bbcenter\u00a0\u00bb module_alignment_last_edited=\u00a0\u00bbon|phone\u00a0\u00bb][et_pb_column type=\u00a0\u00bb4_4&Prime; _builder_version=\u00a0\u00bb3.25.3&Prime;][et_pb_text _builder_version=\u00a0\u00bb4.9.2&Prime; [&hellip;]\" \/>\n<meta property=\"og:url\" content=\"https:\/\/www.arinsight.fr\/Site\/nos-solutions-time-lapse\/\" \/>\n<meta property=\"og:site_name\" content=\"Arinsight\" \/>\n<meta property=\"article:modified_time\" content=\"2021-05-27T21:14:47+00:00\" \/>\n<meta name=\"twitter:card\" content=\"summary_large_image\" \/>\n<meta name=\"twitter:label1\" content=\"Dur\u00e9e de lecture est.\">\n\t<meta name=\"twitter:data1\" content=\"7 minutes\">\n<script type=\"application\/ld+json\" class=\"yoast-schema-graph\">{\"@context\":\"https:\/\/schema.org\",\"@graph\":[{\"@type\":\"WebSite\",\"@id\":\"https:\/\/www.arinsight.fr\/Site\/#website\",\"url\":\"https:\/\/www.arinsight.fr\/Site\/\",\"name\":\"Arinsight\",\"description\":\"Concepteurs d&#039;applications\",\"potentialAction\":[{\"@type\":\"SearchAction\",\"target\":\"https:\/\/www.arinsight.fr\/Site\/?s={search_term_string}\",\"query-input\":\"required name=search_term_string\"}],\"inLanguage\":\"fr-FR\"},{\"@type\":\"WebPage\",\"@id\":\"https:\/\/www.arinsight.fr\/Site\/nos-solutions-time-lapse\/#webpage\",\"url\":\"https:\/\/www.arinsight.fr\/Site\/nos-solutions-time-lapse\/\",\"name\":\"Nos solutions Time-lapse - Arinsight\",\"isPartOf\":{\"@id\":\"https:\/\/www.arinsight.fr\/Site\/#website\"},\"datePublished\":\"2021-03-15T08:06:18+00:00\",\"dateModified\":\"2021-05-27T21:14:47+00:00\",\"breadcrumb\":{\"@id\":\"https:\/\/www.arinsight.fr\/Site\/nos-solutions-time-lapse\/#breadcrumb\"},\"inLanguage\":\"fr-FR\",\"potentialAction\":[{\"@type\":\"ReadAction\",\"target\":[\"https:\/\/www.arinsight.fr\/Site\/nos-solutions-time-lapse\/\"]}]},{\"@type\":\"BreadcrumbList\",\"@id\":\"https:\/\/www.arinsight.fr\/Site\/nos-solutions-time-lapse\/#breadcrumb\",\"itemListElement\":[{\"@type\":\"ListItem\",\"position\":1,\"item\":{\"@type\":\"WebPage\",\"@id\":\"https:\/\/www.arinsight.fr\/Site\/\",\"url\":\"https:\/\/www.arinsight.fr\/Site\/\",\"name\":\"Accueil\"}},{\"@type\":\"ListItem\",\"position\":2,\"item\":{\"@id\":\"https:\/\/www.arinsight.fr\/Site\/nos-solutions-time-lapse\/#webpage\"}}]}]}<\/script>\n<!-- \/ Yoast SEO plugin. -->","_links":{"self":[{"href":"http:\/\/www.arinsight.fr\/Site\/wp-json\/wp\/v2\/pages\/18","targetHints":{"allow":["GET"]}}],"collection":[{"href":"http:\/\/www.arinsight.fr\/Site\/wp-json\/wp\/v2\/pages"}],"about":[{"href":"http:\/\/www.arinsight.fr\/Site\/wp-json\/wp\/v2\/types\/page"}],"author":[{"embeddable":true,"href":"http:\/\/www.arinsight.fr\/Site\/wp-json\/wp\/v2\/users\/1"}],"replies":[{"embeddable":true,"href":"http:\/\/www.arinsight.fr\/Site\/wp-json\/wp\/v2\/comments?post=18"}],"version-history":[{"count":24,"href":"http:\/\/www.arinsight.fr\/Site\/wp-json\/wp\/v2\/pages\/18\/revisions"}],"predecessor-version":[{"id":998,"href":"http:\/\/www.arinsight.fr\/Site\/wp-json\/wp\/v2\/pages\/18\/revisions\/998"}],"wp:attachment":[{"href":"http:\/\/www.arinsight.fr\/Site\/wp-json\/wp\/v2\/media?parent=18"}],"curies":[{"name":"wp","href":"https:\/\/api.w.org\/{rel}","templated":true}]}}