{"id":577,"date":"2021-04-23T15:24:56","date_gmt":"2021-04-23T13:24:56","guid":{"rendered":"http:\/\/www.arinsight.fr\/Site\/?page_id=577"},"modified":"2021-05-26T13:49:00","modified_gmt":"2021-05-26T11:49:00","slug":"ville-en-fete","status":"publish","type":"page","link":"http:\/\/www.arinsight.fr\/Site\/ville-en-fete\/","title":{"rendered":"Ville en f\u00eate"},"content":{"rendered":"<p>[et_pb_section fb_built=\u00a0\u00bb1&Prime; custom_padding_last_edited=\u00a0\u00bbon|desktop\u00a0\u00bb admin_label=\u00a0\u00bbHeader\u00a0\u00bb _builder_version=\u00a0\u00bb4.9.2&Prime; use_background_color_gradient=\u00a0\u00bbon\u00a0\u00bb background_color_gradient_start=\u00a0\u00bbrgba(164,248,226,0.42)\u00a0\u00bb background_color_gradient_end=\u00a0\u00bbrgba(249,249,249,0)\u00a0\u00bb background_color_gradient_direction=\u00a0\u00bb28deg\u00a0\u00bb background_color_gradient_start_position=\u00a0\u00bb24%\u00a0\u00bb background_color_gradient_overlays_image=\u00a0\u00bbon\u00a0\u00bb background_image=\u00a0\u00bbhttp:\/\/www.arinsight.fr\/Site\/wp-content\/uploads\/2021\/04\/application-personnalisee-ma-ville-en-fete.jpg\u00a0\u00bb custom_padding=\u00a0\u00bb5vw||13vw||false|\u00a0\u00bb custom_padding_tablet=\u00a0\u00bb0vw||20vw\u00a0\u00bb custom_padding_phone=\u00a0\u00bb\u00a0\u00bb hover_enabled=\u00a0\u00bb0&Prime; title_text=\u00a0\u00bbapplication-personnalisee-ma-ville-en-fete\u00a0\u00bb sticky_enabled=\u00a0\u00bb0&Prime;][et_pb_row _builder_version=\u00a0\u00bb3.25.3&Prime; max_width=\u00a0\u00bbnone\u00a0\u00bb custom_padding=\u00a0\u00bb0px||0px||true|\u00a0\u00bb][et_pb_column type=\u00a0\u00bb4_4&Prime; _builder_version=\u00a0\u00bb3.25.3&Prime;][et_pb_text _builder_version=\u00a0\u00bb4.9.2&Prime; header_font=\u00a0\u00bbAG-Light|100|||||||\u00a0\u00bb header_text_color=\u00a0\u00bb#A4F8E2&Prime; header_font_size=\u00a0\u00bb140px\u00a0\u00bb header_line_height=\u00a0\u00bb0.8em\u00a0\u00bb text_orientation=\u00a0\u00bbcenter\u00a0\u00bb background_layout=\u00a0\u00bbdark\u00a0\u00bb custom_margin=\u00a0\u00bb3vw||||false|false\u00a0\u00bb custom_margin_tablet=\u00a0\u00bb5vw||||false|false\u00a0\u00bb custom_margin_phone=\u00a0\u00bb8vw||||false|false\u00a0\u00bb custom_margin_last_edited=\u00a0\u00bbon|desktop\u00a0\u00bb hover_enabled=\u00a0\u00bb0&Prime; header_font_size_tablet=\u00a0\u00bb86px\u00a0\u00bb header_font_size_phone=\u00a0\u00bb43px\u00a0\u00bb header_font_size_last_edited=\u00a0\u00bbon|phone\u00a0\u00bb header_text_shadow_style=\u00a0\u00bbpreset3&Prime; header_text_shadow_vertical_length=\u00a0\u00bb-0.03em\u00a0\u00bb header_text_shadow_blur_strength=\u00a0\u00bb0.15em\u00a0\u00bb text_text_align=\u00a0\u00bbcenter\u00a0\u00bb sticky_enabled=\u00a0\u00bb0&Prime;]<\/p>\n<h1>Application<\/h1>\n<p>[\/et_pb_text][\/et_pb_column][\/et_pb_row][et_pb_row _builder_version=\u00a0\u00bb4.9.2&Prime; max_width=\u00a0\u00bbnone\u00a0\u00bb module_alignment=\u00a0\u00bbcenter\u00a0\u00bb custom_margin=\u00a0\u00bb3vw||||false|false\u00a0\u00bb custom_margin_tablet=\u00a0\u00bb3vw||||false|false\u00a0\u00bb custom_margin_phone=\u00a0\u00bb\u00a0\u00bb custom_margin_last_edited=\u00a0\u00bbon|desktop\u00a0\u00bb custom_padding=\u00a0\u00bb0px||0px||true\u00a0\u00bb mix_blend_mode=\u00a0\u00bboverlay\u00a0\u00bb module_alignment_tablet=\u00a0\u00bbcenter\u00a0\u00bb module_alignment_phone=\u00a0\u00bbcenter\u00a0\u00bb module_alignment_last_edited=\u00a0\u00bbon|phone\u00a0\u00bb][et_pb_column type=\u00a0\u00bb4_4&Prime; _builder_version=\u00a0\u00bb3.25.3&Prime;][et_pb_text _builder_version=\u00a0\u00bb4.9.2&Prime; _module_preset=\u00a0\u00bbdefault\u00a0\u00bb header_font=\u00a0\u00bbRoboto|||on|||||\u00a0\u00bb header_letter_spacing=\u00a0\u00bb0.6em\u00a0\u00bb header_2_font=\u00a0\u00bbRoboto|900||on|||||\u00a0\u00bb header_2_text_color=\u00a0\u00bb#F9F9F9&Prime; header_2_font_size=\u00a0\u00bb70px\u00a0\u00bb header_2_letter_spacing=\u00a0\u00bb0.6em\u00a0\u00bb custom_padding=\u00a0\u00bb|||45px|false|false\u00a0\u00bb custom_padding_tablet=\u00a0\u00bb\u00a0\u00bb custom_padding_phone=\u00a0\u00bb|||20px|false|false\u00a0\u00bb custom_padding_last_edited=\u00a0\u00bbon|phone\u00a0\u00bb hover_enabled=\u00a0\u00bb0&Prime; header_2_font_size_tablet=\u00a0\u00bb35px\u00a0\u00bb header_2_font_size_phone=\u00a0\u00bb18px\u00a0\u00bb header_2_font_size_last_edited=\u00a0\u00bbon|desktop\u00a0\u00bb animation_style=\u00a0\u00bbfade\u00a0\u00bb sticky_enabled=\u00a0\u00bb0&Prime;]<\/p>\n<h2 style=\"text-align: center;\">personnalis\u00e9e<\/h2>\n<p>[\/et_pb_text][\/et_pb_column][\/et_pb_row][et_pb_row _builder_version=\u00a0\u00bb4.9.2&Prime; max_width=\u00a0\u00bbnone\u00a0\u00bb locked=\u00a0\u00bboff\u00a0\u00bb][et_pb_column type=\u00a0\u00bb4_4&Prime; _builder_version=\u00a0\u00bb3.25.3&Prime;][et_pb_text _builder_version=\u00a0\u00bb4.9.2&Prime; text_font=\u00a0\u00bb|700|on||||||\u00a0\u00bb text_text_color=\u00a0\u00bb#2D2D34&Prime; text_font_size=\u00a0\u00bb21px\u00a0\u00bb text_letter_spacing=\u00a0\u00bb2px\u00a0\u00bb header_font=\u00a0\u00bb||||||||\u00a0\u00bb header_3_font=\u00a0\u00bbRoboto|900||on|||||\u00a0\u00bb header_3_text_align=\u00a0\u00bbleft\u00a0\u00bb header_3_text_color=\u00a0\u00bb#F9F9F9&Prime; header_3_font_size=\u00a0\u00bb13px\u00a0\u00bb header_3_letter_spacing=\u00a0\u00bb3px\u00a0\u00bb header_3_line_height=\u00a0\u00bb1.5em\u00a0\u00bb text_orientation=\u00a0\u00bbcenter\u00a0\u00bb background_layout=\u00a0\u00bbdark\u00a0\u00bb custom_margin=\u00a0\u00bb|||\u00a0\u00bb custom_padding=\u00a0\u00bb||||false|false\u00a0\u00bb text_font_size_tablet=\u00a0\u00bb17px\u00a0\u00bb text_font_size_phone=\u00a0\u00bb\u00a0\u00bb text_font_size_last_edited=\u00a0\u00bbon|phone\u00a0\u00bb text_orientation_tablet=\u00a0\u00bbleft\u00a0\u00bb text_orientation_phone=\u00a0\u00bb\u00a0\u00bb text_orientation_last_edited=\u00a0\u00bbon|desktop\u00a0\u00bb locked=\u00a0\u00bboff\u00a0\u00bb]<\/p>\n<p>Pour P\u00e2ques, Halloween ou No\u00ebl, surprenez !<\/p>\n<p>[\/et_pb_text][\/et_pb_column][\/et_pb_row][\/et_pb_section][et_pb_section fb_built=\u00a0\u00bb1&Prime; admin_label=\u00a0\u00bbMusic\u00a0\u00bb _builder_version=\u00a0\u00bb3.25.3&Prime;][et_pb_row use_custom_gutter=\u00a0\u00bbon\u00a0\u00bb gutter_width=\u00a0\u00bb1&Prime; _builder_version=\u00a0\u00bb4.9.2&Prime; max_width=\u00a0\u00bb900px\u00a0\u00bb custom_margin=\u00a0\u00bb-12vw|auto||auto|false|false\u00a0\u00bb custom_margin_tablet=\u00a0\u00bb\u00a0\u00bb custom_margin_phone=\u00a0\u00bb-20vw||||false|false\u00a0\u00bb custom_margin_last_edited=\u00a0\u00bbon|phone\u00a0\u00bb custom_padding=\u00a0\u00bb0px|||||\u00a0\u00bb locked=\u00a0\u00bboff\u00a0\u00bb][et_pb_column type=\u00a0\u00bb4_4&Prime; _builder_version=\u00a0\u00bb4.9.2&Prime; background_color=\u00a0\u00bb#ffffff\u00a0\u00bb custom_padding=\u00a0\u00bb||80px\u00a0\u00bb animation_style=\u00a0\u00bbslide\u00a0\u00bb animation_direction=\u00a0\u00bbleft\u00a0\u00bb box_shadow_style=\u00a0\u00bbpreset3&Prime; box_shadow_blur=\u00a0\u00bb48px\u00a0\u00bb box_shadow_spread=\u00a0\u00bb-24px\u00a0\u00bb box_shadow_color=\u00a0\u00bb#008E80&Prime;][et_pb_text _builder_version=\u00a0\u00bb4.9.2&Prime; text_font=\u00a0\u00bb||||||||\u00a0\u00bb header_font=\u00a0\u00bb||||||||\u00a0\u00bb header_2_font=\u00a0\u00bb|800||on|||||\u00a0\u00bb header_2_letter_spacing=\u00a0\u00bb4px\u00a0\u00bb header_2_line_height=\u00a0\u00bb1.4em\u00a0\u00bb use_background_color_gradient=\u00a0\u00bbon\u00a0\u00bb background_color_gradient_start=\u00a0\u00bb#008e80&Prime; background_color_gradient_end=\u00a0\u00bb#a4f8e2&Prime; background_color_gradient_direction=\u00a0\u00bb145deg\u00a0\u00bb text_orientation=\u00a0\u00bbcenter\u00a0\u00bb background_layout=\u00a0\u00bbdark\u00a0\u00bb custom_padding=\u00a0\u00bb48px|20px|36px|20px|false|true\u00a0\u00bb custom_padding_tablet=\u00a0\u00bb\u00a0\u00bb custom_padding_phone=\u00a0\u00bb24px||24px||true\u00a0\u00bb custom_padding_last_edited=\u00a0\u00bbon|desktop\u00a0\u00bb header_2_font_size_tablet=\u00a0\u00bb24px\u00a0\u00bb header_2_font_size_phone=\u00a0\u00bb22px\u00a0\u00bb header_2_font_size_last_edited=\u00a0\u00bbon|phone\u00a0\u00bb locked=\u00a0\u00bboff\u00a0\u00bb]<\/p>\n<h2>Animez vos centres-villes, villages ou domaines !<\/h2>\n<p>[\/et_pb_text][et_pb_text _builder_version=\u00a0\u00bb4.9.2&Prime; _module_preset=\u00a0\u00bbdefault\u00a0\u00bb text_font_size=\u00a0\u00bb18px\u00a0\u00bb text_orientation=\u00a0\u00bbjustified\u00a0\u00bb custom_padding=\u00a0\u00bb30px|60px|30px|60px|false|false\u00a0\u00bb custom_padding_tablet=\u00a0\u00bb\u00a0\u00bb custom_padding_phone=\u00a0\u00bb15px|30px|15px|30px|false|false\u00a0\u00bb custom_padding_last_edited=\u00a0\u00bbon|phone\u00a0\u00bb text_font_size_tablet=\u00a0\u00bb\u00a0\u00bb text_font_size_phone=\u00a0\u00bb16px\u00a0\u00bb text_font_size_last_edited=\u00a0\u00bbon|phone\u00a0\u00bb]<\/p>\n<p>Tourn\u00e9es vers la promotion des centres-villes, des commerces, du patrimoine b\u00e2ti ou naturel, ces trois applications ne manqueront pas d&rsquo;\u00e9merveiller les enfants, parents et grands-parents lors de la recherche de personnages virtuels (r\u00e9alit\u00e9 augment\u00e9e).<\/p>\n<p><strong><em>Communiquez diff\u00e9remment !<\/em><\/strong><\/p>\n<p>Les applications d\u00e9velopp\u00e9es par ARinsight, une mani\u00e8re originale de s\u00e9duire vos clients.<\/p>\n<p>Que ce soit pour P\u00e2ques, Halloween ou No\u00ea\u00ebl, vous avez la possibilit\u00e9 de choisir la p\u00e9riode sur laquelle vous souhaitez associer nos applications \u00e0 votre strat\u00e9gie de communication, ou pourquoi pas, choisir le \u00ab\u00a0<strong>Pack 3 \u00e9v\u00e9nements\u00a0\u00bb<\/strong>, une mani\u00e8re suppl\u00e9mentaire et efficace de fid\u00e9liser votre client\u00e8le en proposant ces trois rendez-vous festifs.<\/p>\n<p>[\/et_pb_text][\/et_pb_column][\/et_pb_row][\/et_pb_section][et_pb_section fb_built=\u00a0\u00bb1&Prime; admin_label=\u00a0\u00bbVideo\u00a0\u00bb _builder_version=\u00a0\u00bb4.9.2&Prime; use_background_color_gradient=\u00a0\u00bbon\u00a0\u00bb background_color_gradient_start=\u00a0\u00bbrgba(164,248,226,0.26)\u00a0\u00bb background_color_gradient_end=\u00a0\u00bb#008e80&Prime; background_color_gradient_direction=\u00a0\u00bb142deg\u00a0\u00bb background_color_gradient_overlays_image=\u00a0\u00bbon\u00a0\u00bb background_image=\u00a0\u00bbhttp:\/\/www.arinsight.fr\/Site\/wp-content\/uploads\/2021\/04\/applications-halloween-paques-noel.jpg\u00a0\u00bb parallax=\u00a0\u00bbon\u00a0\u00bb overflow-x=\u00a0\u00bbhidden\u00a0\u00bb overflow-y=\u00a0\u00bbhidden\u00a0\u00bb custom_padding=\u00a0\u00bb178px||34vw||false|\u00a0\u00bb bottom_divider_color=\u00a0\u00bbrgba(45,45,52,0.39)\u00a0\u00bb bottom_divider_height=\u00a0\u00bb39vw\u00a0\u00bb bottom_divider_repeat=\u00a0\u00bb0.5x\u00a0\u00bb bottom_divider_flip=\u00a0\u00bbhorizontal\u00a0\u00bb][\/et_pb_section][et_pb_section fb_built=\u00a0\u00bb1&Prime; admin_label=\u00a0\u00bbServices\u00a0\u00bb _builder_version=\u00a0\u00bb4.9.2&Prime; background_color=\u00a0\u00bb#f7fffc\u00a0\u00bb z_index=\u00a0\u00bb1&Prime; custom_padding=\u00a0\u00bb||28px||false|false\u00a0\u00bb][et_pb_row _builder_version=\u00a0\u00bb4.9.2&Prime; _module_preset=\u00a0\u00bbdefault\u00a0\u00bb custom_margin=\u00a0\u00bb||||false|false\u00a0\u00bb custom_padding=\u00a0\u00bb||||false|false\u00a0\u00bb][et_pb_column type=\u00a0\u00bb4_4&Prime; _builder_version=\u00a0\u00bb4.9.2&Prime; _module_preset=\u00a0\u00bbdefault\u00a0\u00bb][et_pb_text _builder_version=\u00a0\u00bb4.9.2&Prime; _module_preset=\u00a0\u00bbdefault\u00a0\u00bb header_font=\u00a0\u00bb||||||||\u00a0\u00bb header_2_font=\u00a0\u00bb|800||on|||||\u00a0\u00bb header_2_text_color=\u00a0\u00bb#008E80&Prime; header_2_letter_spacing=\u00a0\u00bb2px\u00a0\u00bb header_2_line_height=\u00a0\u00bb1.4em\u00a0\u00bb header_2_font_size_tablet=\u00a0\u00bb24px\u00a0\u00bb header_2_font_size_phone=\u00a0\u00bb22px\u00a0\u00bb header_2_font_size_last_edited=\u00a0\u00bbon|phone\u00a0\u00bb]<\/p>\n<h2 style=\"text-align: center;\">Des donn\u00e9es indispensables pour accompagner vos clients<\/h2>\n<p>[\/et_pb_text][\/et_pb_column][\/et_pb_row][et_pb_row custom_padding_last_edited=\u00a0\u00bbon|desktop\u00a0\u00bb _builder_version=\u00a0\u00bb4.9.2&Prime; _module_preset=\u00a0\u00bbdefault\u00a0\u00bb max_width=\u00a0\u00bb900px\u00a0\u00bb custom_margin=\u00a0\u00bb||||false|false\u00a0\u00bb custom_padding=\u00a0\u00bb||0px||false|false\u00a0\u00bb custom_padding_tablet=\u00a0\u00bb\u00a0\u00bb custom_padding_phone=\u00a0\u00bb\u00a0\u00bb][et_pb_column type=\u00a0\u00bb4_4&Prime; _builder_version=\u00a0\u00bb4.9.2&Prime; _module_preset=\u00a0\u00bbdefault\u00a0\u00bb][et_pb_text _builder_version=\u00a0\u00bb4.9.2&Prime; _module_preset=\u00a0\u00bbdefault\u00a0\u00bb text_font_size=\u00a0\u00bb20px\u00a0\u00bb text_line_height=\u00a0\u00bb1.6em\u00a0\u00bb text_orientation=\u00a0\u00bbjustified\u00a0\u00bb custom_padding=\u00a0\u00bb3px|40px|30px|40px|false|false\u00a0\u00bb custom_padding_tablet=\u00a0\u00bb||0px||false|false\u00a0\u00bb custom_padding_phone=\u00a0\u00bb\u00a0\u00bb custom_padding_last_edited=\u00a0\u00bbon|phone\u00a0\u00bb]<\/p>\n<p>Le cheminement du chaland sera strat\u00e9gique, il sera \u00e9labor\u00e9 en \u00e9troite collaboration entre vous et notre \u00e9quipe. Les diff\u00e9rentes statistiques comme le nombre de t\u00e9l\u00e9chargements, les lieux de fr\u00e9quentations, etc. vous seront fournies apr\u00e8s chaque manifestation.<\/p>\n<p>[\/et_pb_text][\/et_pb_column][\/et_pb_row][\/et_pb_section][et_pb_section fb_built=\u00a0\u00bb1&Prime; prev_background_color=\u00a0\u00bb#f7fffc\u00a0\u00bb _builder_version=\u00a0\u00bb4.9.2&Prime; _module_preset=\u00a0\u00bbdefault\u00a0\u00bb background_color=\u00a0\u00bb#008E80&Prime; custom_padding=\u00a0\u00bb135px|||||\u00a0\u00bb top_divider_style=\u00a0\u00bbarrow2&Prime; animation_style=\u00a0\u00bbslide\u00a0\u00bb][et_pb_row _builder_version=\u00a0\u00bb4.9.2&Prime; _module_preset=\u00a0\u00bbdefault\u00a0\u00bb max_width=\u00a0\u00bb900px\u00a0\u00bb][et_pb_column type=\u00a0\u00bb4_4&Prime; _builder_version=\u00a0\u00bb4.9.2&Prime; _module_preset=\u00a0\u00bbdefault\u00a0\u00bb][et_pb_text _builder_version=\u00a0\u00bb4.9.2&Prime; _module_preset=\u00a0\u00bbdefault\u00a0\u00bb header_font=\u00a0\u00bb||||||||\u00a0\u00bb header_text_color=\u00a0\u00bb#A4F8E2&Prime; header_letter_spacing=\u00a0\u00bb2px\u00a0\u00bb header_line_height=\u00a0\u00bb1.8em\u00a0\u00bb header_2_font=\u00a0\u00bb|800||on|||||\u00a0\u00bb header_2_text_color=\u00a0\u00bb#A4F8E2&Prime; header_2_letter_spacing=\u00a0\u00bb2px\u00a0\u00bb header_2_line_height=\u00a0\u00bb1.4em\u00a0\u00bb header_2_font_size_tablet=\u00a0\u00bb24px\u00a0\u00bb header_2_font_size_phone=\u00a0\u00bb22px\u00a0\u00bb header_2_font_size_last_edited=\u00a0\u00bbon|phone\u00a0\u00bb]<\/p>\n<h2 style=\"text-align: center;\">Vous souhaitez personnaliser une application<br \/>pour une action pr\u00e9cise ?<\/h2>\n<p>[\/et_pb_text][et_pb_text _builder_version=\u00a0\u00bb4.9.2&Prime; _module_preset=\u00a0\u00bbdefault\u00a0\u00bb text_text_color=\u00a0\u00bb#2D2D34&Prime; text_font_size=\u00a0\u00bb20px\u00a0\u00bb text_line_height=\u00a0\u00bb1.6em\u00a0\u00bb text_orientation=\u00a0\u00bbjustified\u00a0\u00bb custom_padding=\u00a0\u00bb3px|40px|30px|40px|false|false\u00a0\u00bb custom_padding_tablet=\u00a0\u00bb||0px||false|false\u00a0\u00bb custom_padding_phone=\u00a0\u00bb\u00a0\u00bb custom_padding_last_edited=\u00a0\u00bbon|phone\u00a0\u00bb]<\/p>\n<p style=\"text-align: center;\">Notre \u00e9quipe est l\u00e0 pour r\u00e9pondre \u00e0 votre demande. Ne tardez pas, contactez-nous ! Nous nous ferons un plaisir d&rsquo;\u00e9changer sur votre futur projet.<\/p>\n<p>[\/et_pb_text][et_pb_button button_url=\u00a0\u00bbhttp:\/\/www.arinsight.fr\/Site\/contact\/\u00a0\u00bb button_text=\u00a0\u00bbContactez-nous\u00a0\u00bb button_alignment=\u00a0\u00bbcenter\u00a0\u00bb _builder_version=\u00a0\u00bb4.9.2&Prime; _module_preset=\u00a0\u00bbdefault\u00a0\u00bb custom_button=\u00a0\u00bbon\u00a0\u00bb button_text_color=\u00a0\u00bb#A4F8E2&Prime; button_border_color=\u00a0\u00bb#A4F8E2&Prime; button_font=\u00a0\u00bbQuicksand|700|||||||\u00a0\u00bb button_use_icon=\u00a0\u00bboff\u00a0\u00bb animation_style=\u00a0\u00bbzoom\u00a0\u00bb button_text_color__hover_enabled=\u00a0\u00bbon|hover\u00a0\u00bb button_text_color__hover=\u00a0\u00bb#008E80&Prime; button_border_color__hover_enabled=\u00a0\u00bbon|hover\u00a0\u00bb button_border_color__hover=\u00a0\u00bb#A4F8E2&Prime; button_bg_color__hover_enabled=\u00a0\u00bbon|hover\u00a0\u00bb button_bg_color__hover=\u00a0\u00bb#A4F8E2&Prime; button_bg_enable_color__hover=\u00a0\u00bbon\u00a0\u00bb][\/et_pb_button][\/et_pb_column][\/et_pb_row][\/et_pb_section]<\/p>\n","protected":false},"excerpt":{"rendered":"<p>[et_pb_section fb_built=\u00a0\u00bb1&Prime; custom_padding_last_edited=\u00a0\u00bbon|desktop\u00a0\u00bb admin_label=\u00a0\u00bbHeader\u00a0\u00bb _builder_version=\u00a0\u00bb4.9.2&Prime; use_background_color_gradient=\u00a0\u00bbon\u00a0\u00bb background_color_gradient_start=\u00a0\u00bbrgba(164,248,226,0.42)\u00a0\u00bb background_color_gradient_end=\u00a0\u00bbrgba(249,249,249,0)\u00a0\u00bb background_color_gradient_direction=\u00a0\u00bb28deg\u00a0\u00bb background_color_gradient_start_position=\u00a0\u00bb24%\u00a0\u00bb background_color_gradient_overlays_image=\u00a0\u00bbon\u00a0\u00bb background_image=\u00a0\u00bbhttp:\/\/www.arinsight.fr\/Site\/wp-content\/uploads\/2021\/04\/application-personnalisee-ma-ville-en-fete.jpg\u00a0\u00bb custom_padding=\u00a0\u00bb5vw||13vw||false|\u00a0\u00bb custom_padding_tablet=\u00a0\u00bb0vw||20vw\u00a0\u00bb custom_padding_phone=\u00a0\u00bb\u00a0\u00bb hover_enabled=\u00a0\u00bb0&Prime; title_text=\u00a0\u00bbapplication-personnalisee-ma-ville-en-fete\u00a0\u00bb sticky_enabled=\u00a0\u00bb0&Prime;][et_pb_row _builder_version=\u00a0\u00bb3.25.3&Prime; max_width=\u00a0\u00bbnone\u00a0\u00bb custom_padding=\u00a0\u00bb0px||0px||true|\u00a0\u00bb][et_pb_column type=\u00a0\u00bb4_4&Prime; _builder_version=\u00a0\u00bb3.25.3&Prime;][et_pb_text _builder_version=\u00a0\u00bb4.9.2&Prime; header_font=\u00a0\u00bbAG-Light|100|||||||\u00a0\u00bb header_text_color=\u00a0\u00bb#A4F8E2&Prime; header_font_size=\u00a0\u00bb140px\u00a0\u00bb header_line_height=\u00a0\u00bb0.8em\u00a0\u00bb text_orientation=\u00a0\u00bbcenter\u00a0\u00bb background_layout=\u00a0\u00bbdark\u00a0\u00bb custom_margin=\u00a0\u00bb3vw||||false|false\u00a0\u00bb custom_margin_tablet=\u00a0\u00bb5vw||||false|false\u00a0\u00bb custom_margin_phone=\u00a0\u00bb8vw||||false|false\u00a0\u00bb custom_margin_last_edited=\u00a0\u00bbon|desktop\u00a0\u00bb hover_enabled=\u00a0\u00bb0&Prime; header_font_size_tablet=\u00a0\u00bb86px\u00a0\u00bb header_font_size_phone=\u00a0\u00bb43px\u00a0\u00bb header_font_size_last_edited=\u00a0\u00bbon|phone\u00a0\u00bb header_text_shadow_style=\u00a0\u00bbpreset3&Prime; header_text_shadow_vertical_length=\u00a0\u00bb-0.03em\u00a0\u00bb header_text_shadow_blur_strength=\u00a0\u00bb0.15em\u00a0\u00bb text_text_align=\u00a0\u00bbcenter\u00a0\u00bb sticky_enabled=\u00a0\u00bb0&Prime;] Application [\/et_pb_text][\/et_pb_column][\/et_pb_row][et_pb_row _builder_version=\u00a0\u00bb4.9.2&Prime; max_width=\u00a0\u00bbnone\u00a0\u00bb module_alignment=\u00a0\u00bbcenter\u00a0\u00bb custom_margin=\u00a0\u00bb3vw||||false|false\u00a0\u00bb custom_margin_tablet=\u00a0\u00bb3vw||||false|false\u00a0\u00bb custom_margin_phone=\u00a0\u00bb\u00a0\u00bb custom_margin_last_edited=\u00a0\u00bbon|desktop\u00a0\u00bb custom_padding=\u00a0\u00bb0px||0px||true\u00a0\u00bb mix_blend_mode=\u00a0\u00bboverlay\u00a0\u00bb module_alignment_tablet=\u00a0\u00bbcenter\u00a0\u00bb [&hellip;]<\/p>\n","protected":false},"author":1,"featured_media":0,"parent":0,"menu_order":0,"comment_status":"closed","ping_status":"closed","template":"","meta":{"_et_pb_use_builder":"on","_et_pb_old_content":"","_et_gb_content_width":"","footnotes":""},"class_list":["post-577","page","type-page","status-publish","hentry"],"yoast_head":"<!-- This site is optimized with the Yoast SEO plugin v16.3 - https:\/\/yoast.com\/wordpress\/plugins\/seo\/ -->\n<title>Ville en f\u00eate - Arinsight<\/title>\n<meta name=\"robots\" content=\"index, follow, max-snippet:-1, max-image-preview:large, max-video-preview:-1\" \/>\n<link rel=\"canonical\" href=\"http:\/\/www.arinsight.fr\/Site\/ville-en-fete\/\" \/>\n<meta property=\"og:locale\" content=\"fr_FR\" \/>\n<meta property=\"og:type\" content=\"article\" \/>\n<meta property=\"og:title\" content=\"Ville en f\u00eate - Arinsight\" \/>\n<meta property=\"og:description\" content=\"[et_pb_section fb_built=\u00a0\u00bb1&Prime; custom_padding_last_edited=\u00a0\u00bbon|desktop\u00a0\u00bb admin_label=\u00a0\u00bbHeader\u00a0\u00bb _builder_version=\u00a0\u00bb4.9.2&Prime; use_background_color_gradient=\u00a0\u00bbon\u00a0\u00bb background_color_gradient_start=\u00a0\u00bbrgba(164,248,226,0.42)\u00a0\u00bb background_color_gradient_end=\u00a0\u00bbrgba(249,249,249,0)\u00a0\u00bb background_color_gradient_direction=\u00a0\u00bb28deg\u00a0\u00bb background_color_gradient_start_position=\u00a0\u00bb24%\u00a0\u00bb background_color_gradient_overlays_image=\u00a0\u00bbon\u00a0\u00bb background_image=\u00a0\u00bbhttp:\/\/www.arinsight.fr\/Site\/wp-content\/uploads\/2021\/04\/application-personnalisee-ma-ville-en-fete.jpg\u00a0\u00bb custom_padding=\u00a0\u00bb5vw||13vw||false|\u00a0\u00bb custom_padding_tablet=\u00a0\u00bb0vw||20vw\u00a0\u00bb custom_padding_phone=\u00a0\u00bb\u00a0\u00bb hover_enabled=\u00a0\u00bb0&Prime; title_text=\u00a0\u00bbapplication-personnalisee-ma-ville-en-fete\u00a0\u00bb sticky_enabled=\u00a0\u00bb0&Prime;][et_pb_row _builder_version=\u00a0\u00bb3.25.3&Prime; max_width=\u00a0\u00bbnone\u00a0\u00bb custom_padding=\u00a0\u00bb0px||0px||true|\u00a0\u00bb][et_pb_column type=\u00a0\u00bb4_4&Prime; _builder_version=\u00a0\u00bb3.25.3&Prime;][et_pb_text _builder_version=\u00a0\u00bb4.9.2&Prime; header_font=\u00a0\u00bbAG-Light|100|||||||\u00a0\u00bb header_text_color=\u00a0\u00bb#A4F8E2&Prime; header_font_size=\u00a0\u00bb140px\u00a0\u00bb header_line_height=\u00a0\u00bb0.8em\u00a0\u00bb text_orientation=\u00a0\u00bbcenter\u00a0\u00bb background_layout=\u00a0\u00bbdark\u00a0\u00bb custom_margin=\u00a0\u00bb3vw||||false|false\u00a0\u00bb custom_margin_tablet=\u00a0\u00bb5vw||||false|false\u00a0\u00bb custom_margin_phone=\u00a0\u00bb8vw||||false|false\u00a0\u00bb custom_margin_last_edited=\u00a0\u00bbon|desktop\u00a0\u00bb hover_enabled=\u00a0\u00bb0&Prime; header_font_size_tablet=\u00a0\u00bb86px\u00a0\u00bb header_font_size_phone=\u00a0\u00bb43px\u00a0\u00bb header_font_size_last_edited=\u00a0\u00bbon|phone\u00a0\u00bb header_text_shadow_style=\u00a0\u00bbpreset3&Prime; header_text_shadow_vertical_length=\u00a0\u00bb-0.03em\u00a0\u00bb header_text_shadow_blur_strength=\u00a0\u00bb0.15em\u00a0\u00bb text_text_align=\u00a0\u00bbcenter\u00a0\u00bb sticky_enabled=\u00a0\u00bb0&Prime;] Application [\/et_pb_text][\/et_pb_column][\/et_pb_row][et_pb_row _builder_version=\u00a0\u00bb4.9.2&Prime; max_width=\u00a0\u00bbnone\u00a0\u00bb module_alignment=\u00a0\u00bbcenter\u00a0\u00bb custom_margin=\u00a0\u00bb3vw||||false|false\u00a0\u00bb custom_margin_tablet=\u00a0\u00bb3vw||||false|false\u00a0\u00bb custom_margin_phone=\u00a0\u00bb\u00a0\u00bb custom_margin_last_edited=\u00a0\u00bbon|desktop\u00a0\u00bb custom_padding=\u00a0\u00bb0px||0px||true\u00a0\u00bb mix_blend_mode=\u00a0\u00bboverlay\u00a0\u00bb module_alignment_tablet=\u00a0\u00bbcenter\u00a0\u00bb [&hellip;]\" \/>\n<meta property=\"og:url\" content=\"http:\/\/www.arinsight.fr\/Site\/ville-en-fete\/\" \/>\n<meta property=\"og:site_name\" content=\"Arinsight\" \/>\n<meta property=\"article:modified_time\" content=\"2021-05-26T11:49:00+00:00\" \/>\n<meta name=\"twitter:card\" content=\"summary_large_image\" \/>\n<meta name=\"twitter:label1\" content=\"Dur\u00e9e de lecture est.\">\n\t<meta name=\"twitter:data1\" content=\"7 minutes\">\n<script type=\"application\/ld+json\" class=\"yoast-schema-graph\">{\"@context\":\"https:\/\/schema.org\",\"@graph\":[{\"@type\":\"WebSite\",\"@id\":\"https:\/\/www.arinsight.fr\/Site\/#website\",\"url\":\"https:\/\/www.arinsight.fr\/Site\/\",\"name\":\"Arinsight\",\"description\":\"Concepteurs d&#039;applications\",\"potentialAction\":[{\"@type\":\"SearchAction\",\"target\":\"https:\/\/www.arinsight.fr\/Site\/?s={search_term_string}\",\"query-input\":\"required name=search_term_string\"}],\"inLanguage\":\"fr-FR\"},{\"@type\":\"WebPage\",\"@id\":\"http:\/\/www.arinsight.fr\/Site\/ville-en-fete\/#webpage\",\"url\":\"http:\/\/www.arinsight.fr\/Site\/ville-en-fete\/\",\"name\":\"Ville en f\\u00eate - Arinsight\",\"isPartOf\":{\"@id\":\"https:\/\/www.arinsight.fr\/Site\/#website\"},\"datePublished\":\"2021-04-23T13:24:56+00:00\",\"dateModified\":\"2021-05-26T11:49:00+00:00\",\"breadcrumb\":{\"@id\":\"http:\/\/www.arinsight.fr\/Site\/ville-en-fete\/#breadcrumb\"},\"inLanguage\":\"fr-FR\",\"potentialAction\":[{\"@type\":\"ReadAction\",\"target\":[\"http:\/\/www.arinsight.fr\/Site\/ville-en-fete\/\"]}]},{\"@type\":\"BreadcrumbList\",\"@id\":\"http:\/\/www.arinsight.fr\/Site\/ville-en-fete\/#breadcrumb\",\"itemListElement\":[{\"@type\":\"ListItem\",\"position\":1,\"item\":{\"@type\":\"WebPage\",\"@id\":\"https:\/\/www.arinsight.fr\/Site\/\",\"url\":\"https:\/\/www.arinsight.fr\/Site\/\",\"name\":\"Accueil\"}},{\"@type\":\"ListItem\",\"position\":2,\"item\":{\"@id\":\"http:\/\/www.arinsight.fr\/Site\/ville-en-fete\/#webpage\"}}]}]}<\/script>\n<!-- \/ Yoast SEO plugin. -->","_links":{"self":[{"href":"http:\/\/www.arinsight.fr\/Site\/wp-json\/wp\/v2\/pages\/577","targetHints":{"allow":["GET"]}}],"collection":[{"href":"http:\/\/www.arinsight.fr\/Site\/wp-json\/wp\/v2\/pages"}],"about":[{"href":"http:\/\/www.arinsight.fr\/Site\/wp-json\/wp\/v2\/types\/page"}],"author":[{"embeddable":true,"href":"http:\/\/www.arinsight.fr\/Site\/wp-json\/wp\/v2\/users\/1"}],"replies":[{"embeddable":true,"href":"http:\/\/www.arinsight.fr\/Site\/wp-json\/wp\/v2\/comments?post=577"}],"version-history":[{"count":17,"href":"http:\/\/www.arinsight.fr\/Site\/wp-json\/wp\/v2\/pages\/577\/revisions"}],"predecessor-version":[{"id":903,"href":"http:\/\/www.arinsight.fr\/Site\/wp-json\/wp\/v2\/pages\/577\/revisions\/903"}],"wp:attachment":[{"href":"http:\/\/www.arinsight.fr\/Site\/wp-json\/wp\/v2\/media?parent=577"}],"curies":[{"name":"wp","href":"https:\/\/api.w.org\/{rel}","templated":true}]}}